{"id":6,"date":"2021-11-22T01:50:08","date_gmt":"2021-11-22T04:50:08","guid":{"rendered":"https:\/\/cursotransportepassageiros.com.br\/?page_id=6"},"modified":"2021-11-22T02:01:10","modified_gmt":"2021-11-22T05:01:10","slug":"curso-de-transporte-de-passageiros","status":"publish","type":"page","link":"https:\/\/cursotransportepassageiros.com.br\/","title":{"rendered":"Curso de Transporte de Passageiros"},"content":{"rendered":"\t\t<div data-elementor-type=\"wp-page\" data-elementor-id=\"6\" class=\"elementor elementor-6\" data-elementor-settings=\"[]\">\n\t\t\t\t\t\t\t<div class=\"elementor-section-wrap\">\n\t\t\t\t\t\t\t<header class=\"elementor-section elementor-top-section elementor-element elementor-element-1dd18de4 elementor-section-full_width elementor-section-height-default elementor-section-height-default\" data-id=\"1dd18de4\" data-element_type=\"section\" data-settings=\"{&quot;background_background&quot;:&quot;classic&quot;}\">\n\t\t\t\t\t\t\t<div class=\"elementor-background-overlay\"><\/div>\n\t\t\t\t\t\t\t<div class=\"elementor-container elementor-column-gap-default\">\n\t\t\t\t\t<div class=\"elementor-column elementor-col-100 elementor-top-column elementor-element elementor-element-79e4af4\" data-id=\"79e4af4\" data-element_type=\"column\">\n\t\t\t<div class=\"elementor-widget-wrap elementor-element-populated\">\n\t\t\t\t\t\t\t\t<div class=\"elementor-element elementor-element-4c8a550b elementor-widget elementor-widget-heading\" data-id=\"4c8a550b\" data-element_type=\"widget\" data-widget_type=\"heading.default\">\n\t\t\t\t<div class=\"elementor-widget-container\">\n\t\t\t<h2 class=\"elementor-heading-title elementor-size-default\"><b>Curso online de <\/b><br>transporte de passageiros<\/h2>\t\t<\/div>\n\t\t\t\t<\/div>\n\t\t\t\t<div class=\"elementor-element elementor-element-3c5748b elementor-widget elementor-widget-text-editor\" data-id=\"3c5748b\" data-element_type=\"widget\" data-widget_type=\"text-editor.default\">\n\t\t\t\t<div class=\"elementor-widget-container\">\n\t\t\t\t\t\t\t\t\t\t\t\t\t<\/div>\n\t\t\t\t<\/div>\n\t\t\t\t<div class=\"elementor-element elementor-element-318ea7ae elementor-align-center elementor-widget elementor-widget-button\" data-id=\"318ea7ae\" data-element_type=\"widget\" data-widget_type=\"button.default\">\n\t\t\t\t<div class=\"elementor-widget-container\">\n\t\t\t\t\t<div class=\"elementor-button-wrapper\">\n\t\t\t<a href=\"https:\/\/api.whatsapp.com\/send?phone=+5512997607338&#038;text=TRANSPORTE%20DE%20PASSAGEIROS\" class=\"elementor-button-link elementor-button elementor-size-sm\" role=\"button\">\n\t\t\t\t\t\t<span class=\"elementor-button-content-wrapper\">\n\t\t\t\t\t\t<span class=\"elementor-button-icon elementor-align-icon-right\">\n\t\t\t\t<i aria-hidden=\"true\" class=\"fab fa-whatsapp\"><\/i>\t\t\t<\/span>\n\t\t\t\t\t\t<span class=\"elementor-button-text\">Saber Mais<\/span>\n\t\t<\/span>\n\t\t\t\t\t<\/a>\n\t\t<\/div>\n\t\t\t\t<\/div>\n\t\t\t\t<\/div>\n\t\t\t\t\t<\/div>\n\t\t<\/div>\n\t\t\t\t\t\t\t<\/div>\n\t\t<\/header>\n\t\t\t\t<section class=\"elementor-section elementor-top-section elementor-element elementor-element-6872d2be elementor-section-full_width elementor-section-height-default elementor-section-height-default\" data-id=\"6872d2be\" data-element_type=\"section\" data-settings=\"{&quot;background_background&quot;:&quot;gradient&quot;}\">\n\t\t\t\t\t\t<div class=\"elementor-container elementor-column-gap-default\">\n\t\t\t\t\t<div class=\"elementor-column elementor-col-50 elementor-top-column elementor-element elementor-element-65e72634\" data-id=\"65e72634\" data-element_type=\"column\">\n\t\t\t<div class=\"elementor-widget-wrap elementor-element-populated\">\n\t\t\t\t\t\t\t\t<div class=\"elementor-element elementor-element-226b44fc elementor-widget elementor-widget-heading\" data-id=\"226b44fc\" data-element_type=\"widget\" data-widget_type=\"heading.default\">\n\t\t\t\t<div class=\"elementor-widget-container\">\n\t\t\t<h2 class=\"elementor-heading-title elementor-size-default\">Nossos cursos s\u00e3o reconhecidos pelo Denatran<\/h2>\t\t<\/div>\n\t\t\t\t<\/div>\n\t\t\t\t\t<\/div>\n\t\t<\/div>\n\t\t\t\t<div class=\"elementor-column elementor-col-50 elementor-top-column elementor-element elementor-element-6b5c94d2\" data-id=\"6b5c94d2\" data-element_type=\"column\">\n\t\t\t<div class=\"elementor-widget-wrap elementor-element-populated\">\n\t\t\t\t\t\t\t\t<div class=\"elementor-element elementor-element-224a840c elementor-view-default elementor-widget elementor-widget-icon\" data-id=\"224a840c\" data-element_type=\"widget\" data-widget_type=\"icon.default\">\n\t\t\t\t<div class=\"elementor-widget-container\">\n\t\t\t\t\t<div class=\"elementor-icon-wrapper\">\n\t\t\t<div class=\"elementor-icon\">\n\t\t\t<i aria-hidden=\"true\" class=\"far fa-check-square\"><\/i>\t\t\t<\/div>\n\t\t<\/div>\n\t\t\t\t<\/div>\n\t\t\t\t<\/div>\n\t\t\t\t\t<\/div>\n\t\t<\/div>\n\t\t\t\t\t\t\t<\/div>\n\t\t<\/section>\n\t\t\t\t<section class=\"elementor-section elementor-top-section elementor-element elementor-element-40502c9 elementor-section-full_width elementor-section-height-default elementor-section-height-default\" data-id=\"40502c9\" data-element_type=\"section\" data-settings=\"{&quot;background_background&quot;:&quot;classic&quot;,&quot;shape_divider_bottom&quot;:&quot;arrow&quot;,&quot;shape_divider_bottom_negative&quot;:&quot;yes&quot;}\">\n\t\t\t\t\t<div class=\"elementor-shape elementor-shape-bottom\" data-negative=\"true\">\n\t\t\t<svg xmlns=\"http:\/\/www.w3.org\/2000\/svg\" viewBox=\"0 0 700 10\" preserveAspectRatio=\"none\">\n\t<path class=\"elementor-shape-fill\" d=\"M360 0L350 9.9 340 0 0 0 0 10 700 10 700 0\"\/>\n<\/svg>\t\t<\/div>\n\t\t\t\t\t<div class=\"elementor-container elementor-column-gap-default\">\n\t\t\t\t\t<div class=\"elementor-column elementor-col-50 elementor-top-column elementor-element elementor-element-2884e115\" data-id=\"2884e115\" data-element_type=\"column\">\n\t\t\t<div class=\"elementor-widget-wrap elementor-element-populated\">\n\t\t\t\t\t\t\t\t<div class=\"elementor-element elementor-element-1c876c78 eael-infobox-content-align-center eael-infobox-icon-bg-shape-none eael-infobox-icon-hover-bg-shape-none elementor-widget elementor-widget-eael-info-box\" data-id=\"1c876c78\" data-element_type=\"widget\" data-widget_type=\"eael-info-box.default\">\n\t\t\t\t<div class=\"elementor-widget-container\">\n\t\t\t                    <div class=\"eael-infobox\">\n                    <div class=\"infobox-icon eael-icon-only\">\n\n            \n                            <div class=\"infobox-icon-wrap\">\n                    <i class=\"fas fa-user-graduate\"><\/i>                <\/div>\n            \n            \n        <\/div>\n            <div class=\"infobox-content eael-icon-only\">\n            <h4 class=\"title\">Forma\u00e7\u00e3o<\/h4>\n                                                                        <p><p>Curso de forma\u00e7\u00e3o 100% online com certificado\u00a0<\/p><\/p>\n                                                <div class=\"infobox-button\">\n            <a class=\"eael-infobox-button\" href=\"https:\/\/api.whatsapp.com\/send?phone=+5512997607338&#038;text=TRANSPORTE%20DE%20PASSAGEIROS\">\n                                <span class=\"infobox-button-text\">Fale com um consultor<\/span>\n                            <\/a>\n        <\/div>\n                                    <\/div>\n    <\/div>\t\t<\/div>\n\t\t\t\t<\/div>\n\t\t\t\t\t<\/div>\n\t\t<\/div>\n\t\t\t\t<div class=\"elementor-column elementor-col-50 elementor-top-column elementor-element elementor-element-58899ebb\" data-id=\"58899ebb\" data-element_type=\"column\">\n\t\t\t<div class=\"elementor-widget-wrap elementor-element-populated\">\n\t\t\t\t\t\t\t\t<div class=\"elementor-element elementor-element-3362b5b1 eael-infobox-content-align-center eael-infobox-icon-bg-shape-none eael-infobox-icon-hover-bg-shape-none elementor-widget elementor-widget-eael-info-box\" data-id=\"3362b5b1\" data-element_type=\"widget\" data-widget_type=\"eael-info-box.default\">\n\t\t\t\t<div class=\"elementor-widget-container\">\n\t\t\t                    <div class=\"eael-infobox\">\n                    <div class=\"infobox-icon eael-icon-only\">\n\n            \n                            <div class=\"infobox-icon-wrap\">\n                    <i class=\"fas fa-recycle\"><\/i>                <\/div>\n            \n            \n        <\/div>\n            <div class=\"infobox-content eael-icon-only\">\n            <h4 class=\"title\">Renova\u00e7\u00e3o<\/h4>\n                                                                        <p><p>Curso de renova\u00e7\u00e3o 100% online com <br \/>certificado\u00a0<\/p><\/p>\n                                                <div class=\"infobox-button\">\n            <a class=\"eael-infobox-button\" href=\"https:\/\/api.whatsapp.com\/send?phone=+5512997607338&#038;text=TRANSPORTE%20DE%20PASSAGEIROS\">\n                                <span class=\"infobox-button-text\">Fale com um consultor<\/span>\n                            <\/a>\n        <\/div>\n                                    <\/div>\n    <\/div>\t\t<\/div>\n\t\t\t\t<\/div>\n\t\t\t\t\t<\/div>\n\t\t<\/div>\n\t\t\t\t\t\t\t<\/div>\n\t\t<\/section>\n\t\t\t\t<section class=\"elementor-section elementor-top-section elementor-element elementor-element-665590a0 elementor-section-full_width elementor-section-height-default elementor-section-height-default\" data-id=\"665590a0\" data-element_type=\"section\">\n\t\t\t\t\t\t<div class=\"elementor-container elementor-column-gap-default\">\n\t\t\t\t\t<div class=\"elementor-column elementor-col-100 elementor-top-column elementor-element elementor-element-54035bb4\" data-id=\"54035bb4\" data-element_type=\"column\">\n\t\t\t<div class=\"elementor-widget-wrap elementor-element-populated\">\n\t\t\t\t\t\t\t\t<div class=\"elementor-element elementor-element-5e1620b4 eael-infobox-content-align-center eael-infobox-icon-bg-shape-none eael-infobox-icon-hover-bg-shape-none elementor-widget elementor-widget-eael-info-box\" data-id=\"5e1620b4\" data-element_type=\"widget\" data-widget_type=\"eael-info-box.default\">\n\t\t\t\t<div class=\"elementor-widget-container\">\n\t\t\t                    <div class=\"eael-infobox\">\n                    <div class=\"infobox-icon eael-icon-only\">\n\n            \n                            <div class=\"infobox-icon-wrap\">\n                    <i class=\"fas fa-check\"><\/i>                <\/div>\n            \n            \n        <\/div>\n            <div class=\"infobox-content eael-icon-only\">\n            <h4 class=\"title\">REQUISITOS<\/h4>\n                                                                        <p><p>Tudo que voc\u00ea precisa saber para realizar o curso<\/p><\/p>\n                                                                            <\/div>\n    <\/div>\t\t<\/div>\n\t\t\t\t<\/div>\n\t\t\t\t<div class=\"elementor-element elementor-element-4bbafdc6 elementor-widget elementor-widget-text-editor\" data-id=\"4bbafdc6\" data-element_type=\"widget\" data-widget_type=\"text-editor.default\">\n\t\t\t\t<div class=\"elementor-widget-container\">\n\t\t\t\t\t\t\t<ul><li>MAIOR DE 21 ANOS<\/li><li>ESTAR HABILITADO, NO M\u00cdNIMO, NA CATEGORIA \u201cD\u201d;<\/li><li>N\u00c3O TER COMETIDO NENHUMA INFRA\u00c7\u00c3O GRAVE OU GRAV\u00cdSSIMA OU SER REINCIDENTE EM INFRA\u00c7\u00d5ES M\u00c9DIAS DURANTE OS \u00daLTIMOS DOZE MESES;<\/li><li>N\u00c3O ESTAR CUMPRINDO PENA DE SUSPENS\u00c3O DO DIREITO DE DIRIGIR, CASSA\u00c7\u00c3O DA CARTEIRA NACIONAL DE HABILITA\u00c7\u00c3O \u2013 CNH, PENA DECORRENTE DE CRIMES DE TR\u00c2NSITO, BEM COMO N\u00c3O ESTAR IMPEDIDO JUDICIALMENTE DE EXERCER SEUS DIREITOS.<\/li><\/ul>\t\t\t\t\t\t<\/div>\n\t\t\t\t<\/div>\n\t\t\t\t<div class=\"elementor-element elementor-element-46d2ff6a elementor-align-center elementor-widget elementor-widget-button\" data-id=\"46d2ff6a\" data-element_type=\"widget\" data-widget_type=\"button.default\">\n\t\t\t\t<div class=\"elementor-widget-container\">\n\t\t\t\t\t<div class=\"elementor-button-wrapper\">\n\t\t\t<a href=\"https:\/\/api.whatsapp.com\/send?phone=+5512997607338&#038;text=TRANSPORTE%20DE%20PASSAGEIROS\" class=\"elementor-button-link elementor-button elementor-size-sm\" role=\"button\">\n\t\t\t\t\t\t<span class=\"elementor-button-content-wrapper\">\n\t\t\t\t\t\t<span class=\"elementor-button-icon elementor-align-icon-right\">\n\t\t\t\t<i aria-hidden=\"true\" class=\"fab fa-whatsapp\"><\/i>\t\t\t<\/span>\n\t\t\t\t\t\t<span class=\"elementor-button-text\">Saber Mais<\/span>\n\t\t<\/span>\n\t\t\t\t\t<\/a>\n\t\t<\/div>\n\t\t\t\t<\/div>\n\t\t\t\t<\/div>\n\t\t\t\t\t<\/div>\n\t\t<\/div>\n\t\t\t\t\t\t\t<\/div>\n\t\t<\/section>\n\t\t\t\t<section class=\"elementor-section elementor-top-section elementor-element elementor-element-126313b0 elementor-section-full_width elementor-section-height-default elementor-section-height-default\" data-id=\"126313b0\" data-element_type=\"section\" data-settings=\"{&quot;background_background&quot;:&quot;gradient&quot;}\">\n\t\t\t\t\t\t<div class=\"elementor-container elementor-column-gap-default\">\n\t\t\t\t\t<div class=\"elementor-column elementor-col-100 elementor-top-column elementor-element elementor-element-353f73a2\" data-id=\"353f73a2\" data-element_type=\"column\">\n\t\t\t<div class=\"elementor-widget-wrap elementor-element-populated\">\n\t\t\t\t\t\t\t\t<div class=\"elementor-element elementor-element-1ec3e973 elementor-widget elementor-widget-heading\" data-id=\"1ec3e973\" data-element_type=\"widget\" data-widget_type=\"heading.default\">\n\t\t\t\t<div class=\"elementor-widget-container\">\n\t\t\t<h2 class=\"elementor-heading-title elementor-size-default\">Porque fazer o curso ?<\/h2>\t\t<\/div>\n\t\t\t\t<\/div>\n\t\t\t\t<div class=\"elementor-element elementor-element-48b1f7a6 elementor-widget elementor-widget-text-editor\" data-id=\"48b1f7a6\" data-element_type=\"widget\" data-widget_type=\"text-editor.default\">\n\t\t\t\t<div class=\"elementor-widget-container\">\n\t\t\t\t\t\t\t<p>O MERCADO DE TRANSPORTE DE PASSAGEIROS TEM EXIGIDO CADA VEZ MAIS DE SEUS PROFISSIONAIS DESDE O TRABALHADOR A ESPERA DE UMA OPORTUNIDADE DE UM BOM EMPREGO AO EMPRES\u00c1RIO EM BUSCA DE M\u00c3O DE OBRA QUALIFICADA, O CURSO PARA CONDUTORES DE VE\u00cdCULOS DE TRANSPORTES COLETIVOS DE PASSAGEIROS TEM COMO OBJETIVO APERFEI\u00c7OAR, ATUALIZAR E QUALIFICAR O MOTORISTA CONDUTOR J\u00c1 HABILITADO NA CATEGORIA D PARA QUE ELE POSSA EXERCER SUA PROFISS\u00c3O DE FORMA EDUCADA, SEGURA E EFICIENTE, TORNANDO ESTE UM PROFISSIONAL VALIOSO PARA O MERCADO DE TRABALHO<strong>.<\/strong><\/p>\t\t\t\t\t\t<\/div>\n\t\t\t\t<\/div>\n\t\t\t\t<div class=\"elementor-element elementor-element-32c3a75d elementor-widget elementor-widget-text-editor\" data-id=\"32c3a75d\" data-element_type=\"widget\" data-widget_type=\"text-editor.default\">\n\t\t\t\t<div class=\"elementor-widget-container\">\n\t\t\t\t\t\t\t<p>O CURSO PARA CONDUTORES DE VE\u00cdCULOS DE TRANSPORTES COLETIVOS DE PASSAGEIROS \u00c9 UM CURSO 100% ONLINE E S\u00c3O RECONHECIDO E HOMOLOGADO PELO DENATRAN PELAS PORTARIAS N\u00baS 62\/2015 E 931\/2020, CONFORME DETERMINAM AS RESOLU\u00c7\u00d5ES N\u00baS 168\/20 04 E 730\/2018, DO DENATRAN.<\/p><p>O CURSO \u00c9 DESTINADO AOS MOTORISTAS CONDUTORES HABILITADOS NA CATEGORIA \u201cD\u201d QUE BUSCAM SE QUALIFICAREM APRIMORAR OU RECICLAR OS SEUS CONHECIMENTOS ADQUIRIDOS DURANTE A FORMA\u00c7\u00c3O, REVENDO ORIENTA\u00c7\u00d5ES PARA A CONDU\u00c7\u00c3O, COM SEGURAN\u00c7A, DOS VE\u00cdCULOS DE TRANSPORTE PASSAGEIROS COM MAIS DE 08 LUGARES, INCLUINDO OS \u00d4NIBUS E REBOQUES DE TRANSPORTE DE PASSAGEIROS, RESPEITANDO SUAS EXPERI\u00caNCIAS DO DIA-A-DIA.<\/p>\t\t\t\t\t\t<\/div>\n\t\t\t\t<\/div>\n\t\t\t\t<div class=\"elementor-element elementor-element-4983e1cc elementor-align-center elementor-widget elementor-widget-button\" data-id=\"4983e1cc\" data-element_type=\"widget\" data-widget_type=\"button.default\">\n\t\t\t\t<div class=\"elementor-widget-container\">\n\t\t\t\t\t<div class=\"elementor-button-wrapper\">\n\t\t\t<a href=\"https:\/\/api.whatsapp.com\/send?phone=+5512997607338&#038;text=TRANSPORTE%20DE%20PASSAGEIROS\" class=\"elementor-button-link elementor-button elementor-size-sm\" role=\"button\">\n\t\t\t\t\t\t<span class=\"elementor-button-content-wrapper\">\n\t\t\t\t\t\t<span class=\"elementor-button-icon elementor-align-icon-right\">\n\t\t\t\t<i aria-hidden=\"true\" class=\"fab fa-whatsapp\"><\/i>\t\t\t<\/span>\n\t\t\t\t\t\t<span class=\"elementor-button-text\">Saber Mais<\/span>\n\t\t<\/span>\n\t\t\t\t\t<\/a>\n\t\t<\/div>\n\t\t\t\t<\/div>\n\t\t\t\t<\/div>\n\t\t\t\t\t<\/div>\n\t\t<\/div>\n\t\t\t\t\t\t\t<\/div>\n\t\t<\/section>\n\t\t\t\t<section class=\"elementor-section elementor-top-section elementor-element elementor-element-504ef61b elementor-section-full_width elementor-section-height-default elementor-section-height-default\" data-id=\"504ef61b\" data-element_type=\"section\" data-settings=\"{&quot;background_background&quot;:&quot;classic&quot;}\">\n\t\t\t\t\t\t\t<div class=\"elementor-background-overlay\"><\/div>\n\t\t\t\t\t\t\t<div class=\"elementor-container elementor-column-gap-default\">\n\t\t\t\t\t<div class=\"elementor-column elementor-col-100 elementor-top-column elementor-element elementor-element-11366620\" data-id=\"11366620\" data-element_type=\"column\">\n\t\t\t<div class=\"elementor-widget-wrap elementor-element-populated\">\n\t\t\t\t\t\t\t\t<div class=\"elementor-element elementor-element-4c1f06b2 elementor-widget elementor-widget-heading\" data-id=\"4c1f06b2\" data-element_type=\"widget\" data-widget_type=\"heading.default\">\n\t\t\t\t<div class=\"elementor-widget-container\">\n\t\t\t<h2 class=\"elementor-heading-title elementor-size-default\">Ficou com d\u00favidas ? Fale com um de nossos consultores!<\/h2>\t\t<\/div>\n\t\t\t\t<\/div>\n\t\t\t\t<div class=\"elementor-element elementor-element-1ccc92d3 elementor-align-center elementor-widget elementor-widget-button\" data-id=\"1ccc92d3\" data-element_type=\"widget\" data-widget_type=\"button.default\">\n\t\t\t\t<div class=\"elementor-widget-container\">\n\t\t\t\t\t<div class=\"elementor-button-wrapper\">\n\t\t\t<a href=\"https:\/\/api.whatsapp.com\/send?phone=+5512997607338&#038;text=TRANSPORTE%20DE%20PASSAGEIROS\" class=\"elementor-button-link elementor-button elementor-size-sm\" role=\"button\">\n\t\t\t\t\t\t<span class=\"elementor-button-content-wrapper\">\n\t\t\t\t\t\t<span class=\"elementor-button-icon elementor-align-icon-right\">\n\t\t\t\t<i aria-hidden=\"true\" class=\"fab fa-whatsapp\"><\/i>\t\t\t<\/span>\n\t\t\t\t\t\t<span class=\"elementor-button-text\">Saber Mais<\/span>\n\t\t<\/span>\n\t\t\t\t\t<\/a>\n\t\t<\/div>\n\t\t\t\t<\/div>\n\t\t\t\t<\/div>\n\t\t\t\t\t<\/div>\n\t\t<\/div>\n\t\t\t\t\t\t\t<\/div>\n\t\t<\/section>\n\t\t\t\t<footer class=\"elementor-section elementor-top-section elementor-element elementor-element-41e37cd elementor-section-full_width elementor-section-height-default elementor-section-height-default\" data-id=\"41e37cd\" data-element_type=\"section\" data-settings=\"{&quot;background_background&quot;:&quot;classic&quot;}\">\n\t\t\t\t\t\t<div class=\"elementor-container elementor-column-gap-default\">\n\t\t\t\t\t<div class=\"elementor-column elementor-col-100 elementor-top-column elementor-element elementor-element-54b62530\" data-id=\"54b62530\" data-element_type=\"column\">\n\t\t\t<div class=\"elementor-widget-wrap elementor-element-populated\">\n\t\t\t\t\t\t\t\t<div class=\"elementor-element elementor-element-12c718ac elementor-widget elementor-widget-text-editor\" data-id=\"12c718ac\" data-element_type=\"widget\" data-widget_type=\"text-editor.default\">\n\t\t\t\t<div class=\"elementor-widget-container\">\n\t\t\t\t\t\t\t<p><span class=\"JsGRdQ\">TRUCK IDEIAS CONSULTORIAS EM TRANSPORTES LTDA CNPJ N\u00ba 37.559.074\/0001-72 ESTABELECIDA \u00c0 RUA CHICO BOTELHO, N\u00ba 95 &#8211; LOTEAMENTO VILLA BRANCA LL &#8211; CEP 12.301-622 \u2013 JACARE\u00cd\/SP. CONTATO 12-97603-0427 OU 12-98102-3748 E-MAIL TRUCKIDEIAS@HOTMAIL.COM<\/span><\/p>\t\t\t\t\t\t<\/div>\n\t\t\t\t<\/div>\n\t\t\t\t\t<\/div>\n\t\t<\/div>\n\t\t\t\t\t\t\t<\/div>\n\t\t<\/footer>\n\t\t\t\t\t\t<\/div>\n\t\t\t\t\t<\/div>\n\t\t","protected":false},"excerpt":{"rendered":"<p>Curso online de transporte de passageiros Saber Mais Nossos cursos s\u00e3o reconhecidos pelo Denatran Forma\u00e7\u00e3o Curso de forma\u00e7\u00e3o 100% online com certificado\u00a0 Fale com um consultor Renova\u00e7\u00e3o Curso de renova\u00e7\u00e3o 100% online com certificado\u00a0 Fale com um consultor REQUISITOS Tudo que voc\u00ea precisa saber para realizar o curso MAIOR DE 21 ANOS ESTAR HABILITADO, NO &hellip;<\/p>\n<p class=\"read-more\"> <a class=\"\" href=\"https:\/\/cursotransportepassageiros.com.br\/\"> <span class=\"screen-reader-text\">Curso de Transporte de Passageiros<\/span> Read More &raquo;<\/a><\/p>\n","protected":false},"author":1,"featured_media":0,"parent":0,"menu_order":0,"comment_status":"closed","ping_status":"closed","template":"elementor_canvas","meta":{"om_disable_all_campaigns":false,"_mi_skip_tracking":false,"_monsterinsights_sitenote_active":false,"_monsterinsights_sitenote_note":"","_monsterinsights_sitenote_category":0,"site-sidebar-layout":"no-sidebar","site-content-layout":"page-builder","ast-main-header-display":"","ast-hfb-above-header-display":"","ast-hfb-below-header-display":"","ast-hfb-mobile-header-display":"","site-post-title":"disabled","ast-breadcrumbs-content":"","ast-featured-img":"disabled","footer-sml-layout":"","theme-transparent-header-meta":"","adv-header-id-meta":"","stick-header-meta":"","header-above-stick-meta":"","header-main-stick-meta":"","header-below-stick-meta":"","footnotes":""},"_links":{"self":[{"href":"https:\/\/cursotransportepassageiros.com.br\/index.php\/wp-json\/wp\/v2\/pages\/6"}],"collection":[{"href":"https:\/\/cursotransportepassageiros.com.br\/index.php\/wp-json\/wp\/v2\/pages"}],"about":[{"href":"https:\/\/cursotransportepassageiros.com.br\/index.php\/wp-json\/wp\/v2\/types\/page"}],"author":[{"embeddable":true,"href":"https:\/\/cursotransportepassageiros.com.br\/index.php\/wp-json\/wp\/v2\/users\/1"}],"replies":[{"embeddable":true,"href":"https:\/\/cursotransportepassageiros.com.br\/index.php\/wp-json\/wp\/v2\/comments?post=6"}],"version-history":[{"count":7,"href":"https:\/\/cursotransportepassageiros.com.br\/index.php\/wp-json\/wp\/v2\/pages\/6\/revisions"}],"predecessor-version":[{"id":22,"href":"https:\/\/cursotransportepassageiros.com.br\/index.php\/wp-json\/wp\/v2\/pages\/6\/revisions\/22"}],"wp:attachment":[{"href":"https:\/\/cursotransportepassageiros.com.br\/index.php\/wp-json\/wp\/v2\/media?parent=6"}],"curies":[{"name":"wp","href":"https:\/\/api.w.org\/{rel}","templated":true}]}}